{"id":2343,"date":"2026-03-19T23:57:01","date_gmt":"2026-03-20T02:57:01","guid":{"rendered":"https:\/\/avt-construction.ca\/production\/?page_id=2343"},"modified":"2026-03-25T06:49:34","modified_gmt":"2026-03-25T09:49:34","slug":"nos_realisations","status":"publish","type":"page","link":"https:\/\/avt-construction.ca\/en\/nos_realisations\/","title":{"rendered":"Our Projects"},"content":{"rendered":"<div data-elementor-type=\"wp-page\" data-elementor-id=\"2343\" class=\"elementor elementor-2343\" data-elementor-post-type=\"page\">\n\t\t\t\t<div class=\"elementor-element elementor-element-1f6fe03c e-flex e-con-boxed e-con e-parent\" data-id=\"1f6fe03c\" data-element_type=\"container\" data-e-type=\"container\" data-settings=\"{&quot;background_background&quot;:&quot;classic&quot;,&quot;shape_divider_bottom&quot;:&quot;curve&quot;,&quot;shape_divider_bottom_negative&quot;:&quot;yes&quot;}\">\n\t\t\t\t\t<div class=\"e-con-inner\">\n\t\t\t\t<div class=\"elementor-shape elementor-shape-bottom\" aria-hidden=\"true\" data-negative=\"true\">\n\t\t\t<svg xmlns=\"http:\/\/www.w3.org\/2000\/svg\" viewbox=\"0 0 1000 100\" preserveaspectratio=\"none\">\n\t<path class=\"elementor-shape-fill\" d=\"M500,97C126.7,96.3,0.8,19.8,0,0v100l1000,0V1C1000,19.4,873.3,97.8,500,97z\"\/>\n<\/svg>\t\t<\/div>\n\t\t<div class=\"elementor-element elementor-element-7c5908c2 e-con-full e-flex e-con e-child\" data-id=\"7c5908c2\" data-element_type=\"container\" data-e-type=\"container\">\n\t\t<div class=\"elementor-element elementor-element-5653efdb e-con-full e-flex e-con e-child\" data-id=\"5653efdb\" data-element_type=\"container\" data-e-type=\"container\" data-settings=\"{&quot;background_background&quot;:&quot;classic&quot;}\">\n\t\t\t\t<div class=\"elementor-element elementor-element-3150b2d8 elementor-widget elementor-widget-text-editor\" data-id=\"3150b2d8\" data-element_type=\"widget\" data-e-type=\"widget\" data-widget_type=\"text-editor.default\">\n\t\t\t\t<div class=\"elementor-widget-container\">\n\t\t\t\t\t\t\t\t\t<p>OUR PROJECTS<\/p>\t\t\t\t\t\t\t\t<\/div>\n\t\t\t\t<\/div>\n\t\t\t\t<\/div>\n\t\t\t\t<div class=\"elementor-element elementor-element-3bc34c0 elementor-widget elementor-widget-heading\" data-id=\"3bc34c0\" data-element_type=\"widget\" data-e-type=\"widget\" data-widget_type=\"heading.default\">\n\t\t\t\t<div class=\"elementor-widget-container\">\n\t\t\t\t\t<h1 class=\"elementor-heading-title elementor-size-default\">Our projects<br> in construction and renovation<\/h1>\t\t\t\t<\/div>\n\t\t\t\t<\/div>\n\t\t\t\t<div class=\"elementor-element elementor-element-b3bb24a elementor-widget elementor-widget-text-editor\" data-id=\"b3bb24a\" data-element_type=\"widget\" data-e-type=\"widget\" data-widget_type=\"text-editor.default\">\n\t\t\t\t<div class=\"elementor-widget-container\">\n\t\t\t\t\t\t\t\t\t<p>Each project reflects our<br \/>\u00a0Commitment to quality.<\/p>\t\t\t\t\t\t\t\t<\/div>\n\t\t\t\t<\/div>\n\t\t\t\t<\/div>\n\t\t\t\t\t<\/div>\n\t\t\t\t<\/div>\n\t\t<div class=\"elementor-element elementor-element-f20672b e-flex e-con-boxed e-con e-parent\" data-id=\"f20672b\" data-element_type=\"container\" data-e-type=\"container\" data-settings=\"{&quot;background_background&quot;:&quot;classic&quot;}\">\n\t\t\t\t\t<div class=\"e-con-inner\">\n\t\t\t\t<div class=\"elementor-element elementor-element-df88c17 elementor-widget elementor-widget-spacer\" data-id=\"df88c17\" data-element_type=\"widget\" data-e-type=\"widget\" data-widget_type=\"spacer.default\">\n\t\t\t\t<div class=\"elementor-widget-container\">\n\t\t\t\t\t\t\t<div class=\"elementor-spacer\">\n\t\t\t<div class=\"elementor-spacer-inner\"><\/div>\n\t\t<\/div>\n\t\t\t\t\t\t<\/div>\n\t\t\t\t<\/div>\n\t\t\t\t<div class=\"elementor-element elementor-element-17a9ea1 elementor-widget elementor-widget-heading\" data-id=\"17a9ea1\" data-element_type=\"widget\" data-e-type=\"widget\" data-widget_type=\"heading.default\">\n\t\t\t\t<div class=\"elementor-widget-container\">\n\t\t\t\t\t<h2 class=\"elementor-heading-title elementor-size-default\">Our Projects<\/h2>\t\t\t\t<\/div>\n\t\t\t\t<\/div>\n\t\t\t\t<div class=\"elementor-element elementor-element-9c9928c elementor-widget-divider--view-line elementor-widget elementor-widget-divider\" data-id=\"9c9928c\" data-element_type=\"widget\" data-e-type=\"widget\" data-widget_type=\"divider.default\">\n\t\t\t\t<div class=\"elementor-widget-container\">\n\t\t\t\t\t\t\t<div class=\"elementor-divider\">\n\t\t\t<span class=\"elementor-divider-separator\">\n\t\t\t\t\t\t<\/span>\n\t\t<\/div>\n\t\t\t\t\t\t<\/div>\n\t\t\t\t<\/div>\n\t\t\t\t<div class=\"elementor-element elementor-element-0c1bb1c elementor-widget elementor-widget-text-editor\" data-id=\"0c1bb1c\" data-element_type=\"widget\" data-e-type=\"widget\" data-widget_type=\"text-editor.default\">\n\t\t\t\t<div class=\"elementor-widget-container\">\n\t\t\t\t\t\t\t\t\t<p>Discover some of our projects, tailored to the specific needs of each client.<\/p>\t\t\t\t\t\t\t\t<\/div>\n\t\t\t\t<\/div>\n\t\t\t\t\t<\/div>\n\t\t\t\t<\/div>\n\t\t<div class=\"elementor-element elementor-element-033c3bf e-con-full e-flex e-con e-parent\" data-id=\"033c3bf\" data-element_type=\"container\" data-e-type=\"container\" data-settings=\"{&quot;background_background&quot;:&quot;classic&quot;}\">\n\t\t<div class=\"elementor-element elementor-element-daba26c e-con-full e-flex e-con e-child\" data-id=\"daba26c\" data-element_type=\"container\" data-e-type=\"container\">\n\t\t\t\t<\/div>\n\t\t<div class=\"elementor-element elementor-element-83561eb e-con-full e-flex e-con e-child\" data-id=\"83561eb\" data-element_type=\"container\" data-e-type=\"container\">\n\t\t\t\t<div class=\"elementor-element elementor-element-5570382 elementor-widget elementor-widget-wpb_filterable_portfolio_shortcode\" data-id=\"5570382\" data-element_type=\"widget\" data-e-type=\"widget\" data-widget_type=\"wpb_filterable_portfolio_shortcode.default\">\n\t\t\t\t<div class=\"elementor-widget-container\">\n\t\t\t\t\t<div class=\"wpb_portfolio_area wpb_category_portfolio wpb_portfolio_area_mixitup wpb_portfolio_shortcode_1275\" data-shortcode_id=\"1275\" data-ref=\"wpb_portfolio_30\" data-active=\"\"><ul class=\"wpb-fp-filter wpb-fp-filter-mixitup controls text-center wpb_fp_filter_capsule_two\" data-active=\"\"><li class=\"filter control\" data-filter=\"*\" data-term_id=\"*\">All<\/li><li class=\"filter control wpb_fp_cat_10\" data-filter=\".wpb_fp_cat_10\" data-term_id=\"10\" title=\"1\">Commercial Construction<\/li><li class=\"filter control wpb_fp_cat_12\" data-filter=\".wpb_fp_cat_12\" data-term_id=\"12\" title=\"2\">Residential Renovation<\/li><\/ul><div class=\"wpb_portfolio wpb_fp_row wpb_fp_grid wpb_fp_skin_img_bg_hover_effect wpb_fp_quickview_arrows_no wpb_portfolio_quickview_image_content img_bg_hover_effect\" >\n<div class=\"wpb-fp-item mix wpbfpcol-lg-3 wpbfpcol-md-6 wpb_fp_cat_10 post-1302 wpb_fp_portfolio type-wpb_fp_portfolio status-publish has-post-thumbnail hentry wpb_fp_portfolio_cat-construction-commerciale\">\n\t<figure class=\"wpb-fp-loader-wrapper effect-layla\">\n\n\t\t<img fetchpriority=\"high\" decoding=\"async\" width=\"680\" height=\"600\" src=\"https:\/\/avt-construction.ca\/wp-content\/uploads\/2026\/03\/construction-commerciale-batiment-nouveau-brunswick-680x600.webp\" class=\"attachment-wpb_portfolio_thumbnail size-wpb_portfolio_thumbnail wp-post-image\" alt=\"Construction commerciale au Nouveau-Brunswick \u2013 b\u00e2timent en cours de construction\" \/>\n\t\t\t\t\t<figcaption>\n\t\t\t\t\t\t\t\t<div>\n\t\t\t\t\t<h2>Moncton<\/h2>\n\t\t\t\t\t\t\t\t\t\t\t\t\t\t\t\t<p class=\"wpb_fp_icons\">\n\n\t\t\t\t\t\t\t\t\t\t\t\t\t\t\t\t\t\t\t\t\t\t\t\t<a data-post-id=\"1302\" class=\"wpb_fp_preview open-popup-link wpb-fp-open-popup-link-gallery\" href=\"#\" data-mfp-src=\"#wpb_fp_quickview_30_1302\" data-effect=\"mfp-newspaper\"><i class=\"wpbfpicons-eye\"><\/i><\/a>\n\t\t\t\t\t\t\t\t\t\t\t\t\t\t\t\n\t\t\t\t\t\t\t\n\t\t\t\t\t\t<\/p>\n\t\t\t\t\t\t\t\t\t<\/div>\n\t\t\t<\/figcaption>\n\t\t\n\t<\/figure>\n\t<\/div>\n<div class=\"wpb-fp-item mix wpbfpcol-lg-3 wpbfpcol-md-6 wpb_fp_cat_12 post-1287 wpb_fp_portfolio type-wpb_fp_portfolio status-publish has-post-thumbnail hentry wpb_fp_portfolio_cat-renovation-residentielle\">\n\t<figure class=\"wpb-fp-loader-wrapper effect-layla\">\n\n\t\t<img decoding=\"async\" width=\"680\" height=\"600\" src=\"https:\/\/avt-construction.ca\/wp-content\/uploads\/2026\/03\/maison_extension_1-680x600.webp\" class=\"attachment-wpb_portfolio_thumbnail size-wpb_portfolio_thumbnail wp-post-image\" alt=\"Agrandissement de maison termin\u00e9 avec extension r\u00e9sidentielle moderne au Nouveau-Brunswick\" \/>\n\t\t\t\t\t<figcaption>\n\t\t\t\t\t\t\t\t<div>\n\t\t\t\t\t<h2>Anse-Bleu<\/h2>\n\t\t\t\t\t\t\t\t\t\t\t\t\t\t\t\t<p class=\"wpb_fp_icons\">\n\n\t\t\t\t\t\t\t\t\t\t\t\t\t\t\t\t\t\t\t\t\t\t\t\t<a data-post-id=\"1287\" class=\"wpb_fp_preview open-popup-link wpb-fp-open-popup-link-gallery\" href=\"#\" data-mfp-src=\"#wpb_fp_quickview_30_1287\" data-effect=\"mfp-newspaper\"><i class=\"wpbfpicons-eye\"><\/i><\/a>\n\t\t\t\t\t\t\t\t\t\t\t\t\t\t\t\n\t\t\t\t\t\t\t\n\t\t\t\t\t\t<\/p>\n\t\t\t\t\t\t\t\t\t<\/div>\n\t\t\t<\/figcaption>\n\t\t\n\t<\/figure>\n\t<\/div>\n<div class=\"wpb-fp-item mix wpbfpcol-lg-3 wpbfpcol-md-6 wpb_fp_cat_12 post-1272 wpb_fp_portfolio type-wpb_fp_portfolio status-publish has-post-thumbnail hentry wpb_fp_portfolio_cat-renovation-residentielle\">\n\t<figure class=\"wpb-fp-loader-wrapper effect-layla\">\n\n\t\t<img decoding=\"async\" width=\"680\" height=\"600\" src=\"https:\/\/avt-construction.ca\/wp-content\/uploads\/2026\/03\/maison_grande-anse-680x600.webp\" class=\"attachment-wpb_portfolio_thumbnail size-wpb_portfolio_thumbnail wp-post-image\" alt=\"Maison r\u00e9sidentielle r\u00e9nov\u00e9e avec nouveau rev\u00eatement ext\u00e9rieur et toiture moderne \u00e0 Grande-Anse au Nouveau-Brunswick\" \/>\n\t\t\t\t\t<figcaption>\n\t\t\t\t\t\t\t\t<div>\n\t\t\t\t\t<h2>Grande-Anse<\/h2>\n\t\t\t\t\t\t\t\t\t\t\t\t\t\t\t\t<p class=\"wpb_fp_icons\">\n\n\t\t\t\t\t\t\t\t\t\t\t\t\t\t\t\t\t\t\t\t\t\t\t\t<a data-post-id=\"1272\" class=\"wpb_fp_preview open-popup-link wpb-fp-open-popup-link-gallery\" href=\"#\" data-mfp-src=\"#wpb_fp_quickview_30_1272\" data-effect=\"mfp-newspaper\"><i class=\"wpbfpicons-eye\"><\/i><\/a>\n\t\t\t\t\t\t\t\t\t\t\t\t\t\t\t\n\t\t\t\t\t\t\t\n\t\t\t\t\t\t<\/p>\n\t\t\t\t\t\t\t\t\t<\/div>\n\t\t\t<\/figcaption>\n\t\t\n\t<\/figure>\n\t<\/div><\/div><\/div><!-- wpb_portfolio_area -->\t\t\t\t<\/div>\n\t\t\t\t<\/div>\n\t\t\t\t<\/div>\n\t\t\t\t<\/div>\n\t\t<div class=\"elementor-element elementor-element-d19b811 e-flex e-con-boxed e-con e-parent\" data-id=\"d19b811\" data-element_type=\"container\" data-e-type=\"container\" data-settings=\"{&quot;background_background&quot;:&quot;classic&quot;}\">\n\t\t\t\t\t<div class=\"e-con-inner\">\n\t\t<div class=\"elementor-element elementor-element-1205e06 e-con-full e-flex e-con e-child\" data-id=\"1205e06\" data-element_type=\"container\" data-e-type=\"container\">\n\t\t\t\t<div class=\"elementor-element elementor-element-384d62c elementor-widget elementor-widget-text-editor\" data-id=\"384d62c\" data-element_type=\"widget\" data-e-type=\"widget\" data-widget_type=\"text-editor.default\">\n\t\t\t\t<div class=\"elementor-widget-container\">\n\t\t\t\t\t\t\t\t\t<p>3-Step Process<\/p>\t\t\t\t\t\t\t\t<\/div>\n\t\t\t\t<\/div>\n\t\t\t\t<div class=\"elementor-element elementor-element-5af256e elementor-widget__width-initial elementor-widget elementor-widget-heading\" data-id=\"5af256e\" data-element_type=\"widget\" data-e-type=\"widget\" data-widget_type=\"heading.default\">\n\t\t\t\t<div class=\"elementor-widget-container\">\n\t\t\t\t\t<h2 class=\"elementor-heading-title elementor-size-default\">OUR PROCESS, SIMPLE AND EFFECTIVE<\/h2>\t\t\t\t<\/div>\n\t\t\t\t<\/div>\n\t\t\t\t<div class=\"elementor-element elementor-element-821b1dc elementor-widget__width-initial elementor-widget-tablet__width-initial elementor-widget-mobile__width-inherit elementor-widget elementor-widget-text-editor\" data-id=\"821b1dc\" data-element_type=\"widget\" data-e-type=\"widget\" data-widget_type=\"text-editor.default\">\n\t\t\t\t<div class=\"elementor-widget-container\">\n\t\t\t\t\t\t\t\t\t<p>At <strong>AVT Construction<\/strong>, we prioritize a clear, transparent, and structured approach<br \/>to provide you with a stress-free experience from start to finish.<\/p>\t\t\t\t\t\t\t\t<\/div>\n\t\t\t\t<\/div>\n\t\t\t\t<\/div>\n\t\t<div class=\"elementor-element elementor-element-cedd77e e-con-full e-flex e-con e-child\" data-id=\"cedd77e\" data-element_type=\"container\" data-e-type=\"container\">\n\t\t<div class=\"elementor-element elementor-element-7da473f e-grid e-con-full e-con e-child\" data-id=\"7da473f\" data-element_type=\"container\" data-e-type=\"container\" data-settings=\"{&quot;background_background&quot;:&quot;classic&quot;}\">\n\t\t<div class=\"elementor-element elementor-element-6bc0ddb e-con-full e-flex e-con e-child\" data-id=\"6bc0ddb\" data-element_type=\"container\" data-e-type=\"container\" data-settings=\"{&quot;background_background&quot;:&quot;classic&quot;}\">\n\t\t\t\t<div class=\"elementor-element elementor-element-d2a1698 elementor-widget elementor-widget-uael-infobox\" data-id=\"d2a1698\" data-element_type=\"widget\" data-e-type=\"widget\" data-widget_type=\"uael-infobox.default\">\n\t\t\t\t<div class=\"elementor-widget-container\">\n\t\t\t\t\t\n<div class=\"uael-module-content uael-infobox uael-imgicon-style-circle  infobox-has-icon uael-infobox-icon-above-title  uael-infobox-link-type-none\">\n\t<div class=\"uael-infobox-left-right-wrap\">\n\t\t\t\t\t\t<div class=\"uael-infobox-content\">\n\t\t\t\t\t\t\t<div class=\"uael-module-content uael-imgicon-wrap\">\t\t\t\t\t\t\t\t\t\t\t\t\t\t\t\t\t\t<div class=\"uael-icon-wrap elementor-animation-\">\n\t\t\t\t\t\t\t\t<span class=\"uael-icon\">\n\t\t\t\t\t\t\t\t\t<svg xmlns=\"http:\/\/www.w3.org\/2000\/svg\" id=\"Glyph\" height=\"512\" viewbox=\"0 0 24 24\" width=\"512\"><path d=\"m16.75 3v1c0 .9648-.7852 1.75-1.75 1.75h-6c-.9648 0-1.75-.7852-1.75-1.75v-1c0-.9648.7852-1.75 1.75-1.75h6c.9648 0 1.75.7852 1.75 1.75zm4 3v14c0 1.5166-1.2334 2.75-2.75 2.75h-12c-1.5166 0-2.75-1.2334-2.75-2.75v-14c0-1.431 1.1021-2.5961 2.5-2.7247v.7247c0 1.792 1.458 3.25 3.25 3.25h6c1.792 0 3.25-1.458 3.25-3.25v-.7247c1.3979.1286 2.5 1.2938 2.5 2.7247zm-4 13c0-.4141-.3359-.75-.75-.75h-8c-.4141 0-.75.3359-.75.75s.3359.75.75.75h8c.4141 0 .75-.3359.75-.75zm0-4c0-.4141-.3359-.75-.75-.75h-8c-.4141 0-.75.3359-.75.75s.3359.75.75.75h8c.4141 0 .75-.3359.75-.75zm0-4c0-.4141-.3359-.75-.75-.75h-8c-.4141 0-.75.3359-.75.75s.3359.75.75.75h8c.4141 0 .75-.3359.75-.75z\"><\/path><\/svg>\t\t\t\t\t\t\t\t<\/span>\n\t\t\t\t\t\t\t<\/div>\n\t\t\t\t\t\t\t\n\t\t\t\t\t\t\t\t\t\t\t\t\t\t<\/div>\n\t\t\t\t\t\t\t<div class='uael-infobox-title-wrap'><h5 class=\"uael-infobox-title elementor-inline-editing\" data-elementor-setting-key=\"infobox_title\" data-elementor-inline-editing-toolbar=\"basic\" >1. Analysis and Planning<\/h5><\/div>\t\t\t\t\t\t\t\t\t<div class=\"uael-infobox-text-wrap\">\n\t\t\t\t<div class=\"uael-infobox-text elementor-inline-editing\" data-elementor-setting-key=\"infobox_description\" data-elementor-inline-editing-toolbar=\"advanced\">\n\t\t\t\t\tWe meet with you to fully understand your needs, vision, and budget. An on-site visit may be conducted to properly plan your project.\t\t\t\t<\/div>\n\t\t\t\t\t\n\t\t\t\t\t\t\t<\/div>\n\t\t<\/div>\n\t\t\t<\/div>\n<\/div>\n\t\t\t\t<\/div>\n\t\t\t\t<\/div>\n\t\t\t\t<\/div>\n\t\t<div class=\"elementor-element elementor-element-986d264 e-con-full e-flex e-con e-child\" data-id=\"986d264\" data-element_type=\"container\" data-e-type=\"container\" data-settings=\"{&quot;background_background&quot;:&quot;classic&quot;}\">\n\t\t\t\t<div class=\"elementor-element elementor-element-12e32eb elementor-widget elementor-widget-uael-infobox\" data-id=\"12e32eb\" data-element_type=\"widget\" data-e-type=\"widget\" data-widget_type=\"uael-infobox.default\">\n\t\t\t\t<div class=\"elementor-widget-container\">\n\t\t\t\t\t\n<div class=\"uael-module-content uael-infobox uael-imgicon-style-circle  infobox-has-icon uael-infobox-icon-above-title  uael-infobox-link-type-none\">\n\t<div class=\"uael-infobox-left-right-wrap\">\n\t\t\t\t\t\t<div class=\"uael-infobox-content\">\n\t\t\t\t\t\t\t<div class=\"uael-module-content uael-imgicon-wrap\">\t\t\t\t\t\t\t\t\t\t\t\t\t\t\t\t\t\t<div class=\"uael-icon-wrap elementor-animation-\">\n\t\t\t\t\t\t\t\t<span class=\"uael-icon\">\n\t\t\t\t\t\t\t\t\t<svg xmlns=\"http:\/\/www.w3.org\/2000\/svg\" id=\"Capa_1\" height=\"512\" viewbox=\"0 0 512 512\" width=\"512\"><g><path d=\"m183.337 236.273v116.238h57.641v-48.61h30v48.61h58.793v-115.841l-71.787-43.408z\"><\/path><path d=\"m512 150.781c-7.524 3.864-16.04 6.06-25.064 6.06h-33.749v318.447h28.834c16.531 0 29.979-13.449 29.979-29.979z\"><\/path><path d=\"m0 361.219c7.524-3.864 16.04-6.06 25.064-6.06h33.255v-318.447h-28.34c-16.53 0-29.979 13.449-29.979 29.979z\"><\/path><path d=\"m486.936 76.712h-398.617v308.447h-63.255c-13.82 0-25.064 11.244-25.064 25.065s11.244 25.064 25.064 25.064h398.122v-308.447h63.749c13.821 0 25.064-11.244 25.064-25.064s-11.243-25.065-25.063-25.065zm-127.165 305.799h-206.434v-163.575l105.016-60.51 44.045 26.633.074-40.162 30 .055-.108 58.227 27.407 16.572z\"><\/path><\/g><\/svg>\t\t\t\t\t\t\t\t<\/span>\n\t\t\t\t\t\t\t<\/div>\n\t\t\t\t\t\t\t\n\t\t\t\t\t\t\t\t\t\t\t\t\t\t<\/div>\n\t\t\t\t\t\t\t<div class='uael-infobox-title-wrap'><h5 class=\"uael-infobox-title elementor-inline-editing\" data-elementor-setting-key=\"infobox_title\" data-elementor-inline-editing-toolbar=\"basic\" >2. Design and Quote<\/h5><\/div>\t\t\t\t\t\t\t\t\t<div class=\"uael-infobox-text-wrap\">\n\t\t\t\t<div class=\"uael-infobox-text elementor-inline-editing\" data-elementor-setting-key=\"infobox_description\" data-elementor-inline-editing-toolbar=\"advanced\">\n\t\t\t\t\tYou receive a detailed, clear, and transparent quote. We guide you through your choices to ensure an optimal result.\t\t\t\t<\/div>\n\t\t\t\t\t\n\t\t\t\t\t\t\t<\/div>\n\t\t<\/div>\n\t\t\t<\/div>\n<\/div>\n\t\t\t\t<\/div>\n\t\t\t\t<\/div>\n\t\t\t\t<\/div>\n\t\t<div class=\"elementor-element elementor-element-e0e80ed e-con-full e-flex e-con e-child\" data-id=\"e0e80ed\" data-element_type=\"container\" data-e-type=\"container\" data-settings=\"{&quot;background_background&quot;:&quot;classic&quot;}\">\n\t\t\t\t<div class=\"elementor-element elementor-element-3c2a499 elementor-widget elementor-widget-uael-infobox\" data-id=\"3c2a499\" data-element_type=\"widget\" data-e-type=\"widget\" data-widget_type=\"uael-infobox.default\">\n\t\t\t\t<div class=\"elementor-widget-container\">\n\t\t\t\t\t\n<div class=\"uael-module-content uael-infobox uael-imgicon-style-circle  infobox-has-icon uael-infobox-icon-above-title  uael-infobox-link-type-none\">\n\t<div class=\"uael-infobox-left-right-wrap\">\n\t\t\t\t\t\t<div class=\"uael-infobox-content\">\n\t\t\t\t\t\t\t<div class=\"uael-module-content uael-imgicon-wrap\">\t\t\t\t\t\t\t\t\t\t\t\t\t\t\t\t\t\t<div class=\"uael-icon-wrap elementor-animation-\">\n\t\t\t\t\t\t\t\t<span class=\"uael-icon\">\n\t\t\t\t\t\t\t\t\t<svg xmlns=\"http:\/\/www.w3.org\/2000\/svg\" id=\"Layer_1\" height=\"512\" viewbox=\"0 0 512 512\" width=\"512\"><ellipse cx=\"445.084\" cy=\"66.057\" rx=\"65.918\" ry=\"66.057\"><\/ellipse><path d=\"m359.396 370.362h42.405v42.494h-42.405z\"><\/path><path d=\"m282.207 139.243c8.225-7.312 18.81-11.338 29.804-11.338s21.579 4.027 29.804 11.338l11.819 10.506v-37.537c0-61.791-50.165-112.061-111.827-112.061-54.012 0-99.202 38.573-109.583 89.673 16.979 25.843 46.735 76.358 59.462 129.889z\"><\/path><path d=\"m497.029 481.804h-20.677v-142.746l9.744 8.662c2.85 2.534 6.397 3.78 9.929 3.779 4.133 0 8.247-1.705 11.205-5.047 5.487-6.198 4.921-15.68-1.265-21.178l-43.887-39.013v-77.75c0-8.285-6.703-15.002-14.971-15.002s-14.971 6.717-14.971 15.002v51.133l-110.192-97.956c-5.669-5.039-14.201-5.039-19.869 0l-184.02 163.585c-6.185 5.498-6.751 14.98-1.265 21.178 5.487 6.199 14.95 6.765 21.134 1.267l9.744-8.662v142.746h-48.316v-65.45c6.395-1.959 12.549-5.175 18.376-9.584v-26.458c-8.949-2.107-17.131-6.938-23.335-13.946-16.433-18.564-14.732-47.066 3.792-63.535l67.572-60.068c-11.374-72.714-66.72-148.528-69.334-152.074-2.823-3.828-7.291-6.087-12.041-6.087s-9.218 2.259-12.041 6.087c-2.915 3.953-71.378 97.723-71.378 176.884 0 38.637 7.689 75.197 21.651 102.945 12.316 24.477 28.579 40.266 46.797 45.837v65.451h-54.44c-8.268 0-14.971 6.717-14.971 15.002s6.703 15.002 14.971 15.194h461.382 20.677c8.268-.192 14.971-6.909 14.971-15.194s-6.704-15.002-14.972-15.002zm-167.575-126.444c0-8.285 6.703-15.002 14.971-15.002h72.347c8.268 0 14.971 6.717 14.971 15.002v72.499c0 8.285-6.703 15.002-14.971 15.002h-72.347c-8.268 0-14.971-6.717-14.971-15.002zm-81.979 126.444v-111.442h-29.942v111.442h-29.941v-126.444c0-8.286 6.703-15.002 14.971-15.002h59.883c8.268 0 14.971 6.717 14.971 15.002v126.444z\"><\/path><\/svg>\t\t\t\t\t\t\t\t<\/span>\n\t\t\t\t\t\t\t<\/div>\n\t\t\t\t\t\t\t\n\t\t\t\t\t\t\t\t\t\t\t\t\t\t<\/div>\n\t\t\t\t\t\t\t<div class='uael-infobox-title-wrap'><h5 class=\"uael-infobox-title elementor-inline-editing\" data-elementor-setting-key=\"infobox_title\" data-elementor-inline-editing-toolbar=\"basic\" >3. Execution and Delivery<\/h5><\/div>\t\t\t\t\t\t\t\t\t<div class=\"uael-infobox-text-wrap\">\n\t\t\t\t<div class=\"uael-infobox-text elementor-inline-editing\" data-elementor-setting-key=\"infobox_description\" data-elementor-inline-editing-toolbar=\"advanced\">\n\t\t\t\t\tOur team carries out the work with precision and keeps you informed at every step through to final delivery.\t\t\t\t<\/div>\n\t\t\t\t\t\n\t\t\t\t\t\t\t<\/div>\n\t\t<\/div>\n\t\t\t<\/div>\n<\/div>\n\t\t\t\t<\/div>\n\t\t\t\t<\/div>\n\t\t\t\t<\/div>\n\t\t\t\t<\/div>\n\t\t\t\t<\/div>\n\t\t\t\t\t<\/div>\n\t\t\t\t<\/div>\n\t\t\t\t<\/div>","protected":false},"excerpt":{"rendered":"<p>Nos r\u00e9alisations Nos projets en construction et r\u00e9novation Chaque projet refl\u00e8te notre\u00a0engagement envers la qualit\u00e9. Nos R\u00e9alisations D\u00e9couvrez certaines de [&hellip;]<\/p>\n","protected":false},"author":1,"featured_media":0,"parent":0,"menu_order":4,"comment_status":"closed","ping_status":"closed","template":"","meta":{"site-sidebar-layout":"no-sidebar","site-content-layout":"","ast-site-content-layout":"full-width-container","site-content-style":"unboxed","site-sidebar-style":"unboxed","ast-global-header-display":"","ast-banner-title-visibility":"","ast-main-header-display":"","ast-hfb-above-header-display":"","ast-hfb-below-header-display":"","ast-hfb-mobile-header-display":"","site-post-title":"disabled","ast-breadcrumbs-content":"","ast-featured-img":"disabled","footer-sml-layout":"","ast-disable-related-posts":"","theme-transparent-header-meta":"enabled","adv-header-id-meta":"","stick-header-meta":"","header-above-stick-meta":"","header-main-stick-meta":"","header-below-stick-meta":"","astra-migrate-meta-layouts":"default","ast-page-background-enabled":"default","ast-page-background-meta":{"desktop":{"background-color":"var(--ast-global-color-5)","background-image":"","background-repeat":"repeat","background-position":"center center","background-size":"auto","background-attachment":"scroll","background-type":"","background-media":"","overlay-type":"","overlay-color":"","overlay-opacity":"","overlay-gradient":""},"tablet":{"background-color":"","background-image":"","background-repeat":"repeat","background-position":"center center","background-size":"auto","background-attachment":"scroll","background-type":"","background-media":"","overlay-type":"","overlay-color":"","overlay-opacity":"","overlay-gradient":""},"mobile":{"background-color":"","background-image":"","background-repeat":"repeat","background-position":"center center","background-size":"auto","background-attachment":"scroll","background-type":"","background-media":"","overlay-type":"","overlay-color":"","overlay-opacity":"","overlay-gradient":""}},"ast-content-background-meta":{"desktop":{"background-color":"var(--ast-global-color-4)","background-image":"","background-repeat":"repeat","background-position":"center center","background-size":"auto","background-attachment":"scroll","background-type":"","background-media":"","overlay-type":"","overlay-color":"","overlay-opacity":"","overlay-gradient":""},"tablet":{"background-color":"var(--ast-global-color-4)","background-image":"","background-repeat":"repeat","background-position":"center center","background-size":"auto","background-attachment":"scroll","background-type":"","background-media":"","overlay-type":"","overlay-color":"","overlay-opacity":"","overlay-gradient":""},"mobile":{"background-color":"var(--ast-global-color-4)","background-image":"","background-repeat":"repeat","background-position":"center center","background-size":"auto","background-attachment":"scroll","background-type":"","background-media":"","overlay-type":"","overlay-color":"","overlay-opacity":"","overlay-gradient":""}},"footnotes":""},"class_list":["post-2343","page","type-page","status-publish","hentry"],"_links":{"self":[{"href":"https:\/\/avt-construction.ca\/en\/wp-json\/wp\/v2\/pages\/2343","targetHints":{"allow":["GET"]}}],"collection":[{"href":"https:\/\/avt-construction.ca\/en\/wp-json\/wp\/v2\/pages"}],"about":[{"href":"https:\/\/avt-construction.ca\/en\/wp-json\/wp\/v2\/types\/page"}],"author":[{"embeddable":true,"href":"https:\/\/avt-construction.ca\/en\/wp-json\/wp\/v2\/users\/1"}],"replies":[{"embeddable":true,"href":"https:\/\/avt-construction.ca\/en\/wp-json\/wp\/v2\/comments?post=2343"}],"version-history":[{"count":67,"href":"https:\/\/avt-construction.ca\/en\/wp-json\/wp\/v2\/pages\/2343\/revisions"}],"predecessor-version":[{"id":2944,"href":"https:\/\/avt-construction.ca\/en\/wp-json\/wp\/v2\/pages\/2343\/revisions\/2944"}],"wp:attachment":[{"href":"https:\/\/avt-construction.ca\/en\/wp-json\/wp\/v2\/media?parent=2343"}],"curies":[{"name":"wp","href":"https:\/\/api.w.org\/{rel}","templated":true}]}}