{"id":554,"date":"2026-03-16T19:23:20","date_gmt":"2026-03-16T22:23:20","guid":{"rendered":"https:\/\/avt-construction.ca\/production\/privacy-policy-2\/"},"modified":"2026-03-21T14:18:33","modified_gmt":"2026-03-21T17:18:33","slug":"politique_de_confidentialite","status":"publish","type":"page","link":"https:\/\/avt-construction.ca\/en\/politique_de_confidentialite\/","title":{"rendered":"Privacy Policy"},"content":{"rendered":"<div data-elementor-type=\"wp-page\" data-elementor-id=\"554\" class=\"elementor elementor-554\" data-elementor-post-type=\"page\">\n\t\t\t\t<div class=\"elementor-element elementor-element-4f23fbb e-flex e-con-boxed e-con e-parent\" data-id=\"4f23fbb\" data-element_type=\"container\" data-e-type=\"container\" data-settings=\"{&quot;background_background&quot;:&quot;classic&quot;}\">\n\t\t\t\t\t<div class=\"e-con-inner\">\n\t\t\t\t<div class=\"elementor-element elementor-element-26a2df3 elementor-widget elementor-widget-spacer\" data-id=\"26a2df3\" data-element_type=\"widget\" data-e-type=\"widget\" data-widget_type=\"spacer.default\">\n\t\t\t\t<div class=\"elementor-widget-container\">\n\t\t\t\t\t\t\t<div class=\"elementor-spacer\">\n\t\t\t<div class=\"elementor-spacer-inner\"><\/div>\n\t\t<\/div>\n\t\t\t\t\t\t<\/div>\n\t\t\t\t<\/div>\n\t\t\t\t<div class=\"elementor-element elementor-element-273fae4 elementor-widget elementor-widget-uael-infobox\" data-id=\"273fae4\" data-element_type=\"widget\" data-e-type=\"widget\" data-widget_type=\"uael-infobox.default\">\n\t\t\t\t<div class=\"elementor-widget-container\">\n\t\t\t\t\t\n<div class=\"uael-module-content uael-infobox uael-imgicon-style-normal  infobox-has-icon uael-infobox-icon-above-title  uael-infobox-link-type-none\">\n\t<div class=\"uael-infobox-left-right-wrap\">\n\t\t\t\t\t\t<div class=\"uael-infobox-content\">\n\t\t\t\t\t\t\t<div class=\"uael-module-content uael-imgicon-wrap\">\t\t\t\t\t\t\t\t\t\t\t\n\t\t\t\t\t\t\t\t\t\t\t\t\t\t<\/div>\n\t\t\t\t\t\t\t<div class='uael-infobox-title-wrap'><h1 class=\"uael-infobox-title elementor-inline-editing\" data-elementor-setting-key=\"infobox_title\" data-elementor-inline-editing-toolbar=\"basic\" >Privacy Policy<\/h1><\/div>\t\t\t\t\t\t\t\t\t<div class=\"uael-infobox-text-wrap\">\n\t\t\t\t<div class=\"uael-infobox-text elementor-inline-editing\" data-elementor-setting-key=\"infobox_description\" data-elementor-inline-editing-toolbar=\"advanced\">\n\t\t\t\t\tLast updated: March 2026\t\t\t\t<\/div>\n\t\t\t\t\t\n\t\t\t\t\t\t\t<\/div>\n\t\t<\/div>\n\t\t\t<\/div>\n<\/div>\n\t\t\t\t<\/div>\n\t\t\t\t<\/div>\n\t\t\t\t\t<\/div>\n\t\t\t\t<\/div>\n\t\t<div class=\"elementor-element elementor-element-cc7a4e3 e-flex e-con-boxed e-con e-parent\" data-id=\"cc7a4e3\" data-element_type=\"container\" data-e-type=\"container\">\n\t\t\t\t\t<div class=\"e-con-inner\">\n\t\t\t\t<div class=\"elementor-element elementor-element-c5ef5c8 elementor-widget elementor-widget-text-editor\" data-id=\"c5ef5c8\" data-element_type=\"widget\" data-e-type=\"widget\" data-widget_type=\"text-editor.default\">\n\t\t\t\t<div class=\"elementor-widget-container\">\n\t\t\t\t\t\t\t\t\t<p>At <strong data-start=\"437\" data-end=\"462\">AVT Construction<\/strong>, We place great importance on the protection of your personal information.<\/p><p>This policy explains what information we collect, how we use it, and how it is protected.<\/p>\t\t\t\t\t\t\t\t<\/div>\n\t\t\t\t<\/div>\n\t\t\t\t<div class=\"elementor-element elementor-element-d20e61e elementor-widget elementor-widget-heading\" data-id=\"d20e61e\" data-element_type=\"widget\" data-e-type=\"widget\" data-widget_type=\"heading.default\">\n\t\t\t\t<div class=\"elementor-widget-container\">\n\t\t\t\t\t<h2 class=\"elementor-heading-title elementor-size-default\">1. Who we are<\/h2>\t\t\t\t<\/div>\n\t\t\t\t<\/div>\n\t\t\t\t<div class=\"elementor-element elementor-element-c315228 elementor-widget elementor-widget-text-editor\" data-id=\"c315228\" data-element_type=\"widget\" data-e-type=\"widget\" data-widget_type=\"text-editor.default\">\n\t\t\t\t<div class=\"elementor-widget-container\">\n\t\t\t\t\t\t\t\t\t<p data-start=\"703\" data-end=\"729\">This website is operated by:<\/p><p data-start=\"731\" data-end=\"838\"><strong data-start=\"731\" data-end=\"756\">AVT Construction.<\/strong><br data-start=\"756\" data-end=\"759\" \/>General contractor \u2013 Construction and renovation<br data-start=\"808\" data-end=\"811\" \/>New Brunswick, Canada<\/p><p data-start=\"840\" data-end=\"880\">Website :<br data-start=\"850\" data-end=\"853\" \/><a class=\"decorated-link\" href=\"https:\/\/avt-construction.ca\/en\/\" target=\"_new\" rel=\"noopener\" data-start=\"853\" data-end=\"880\">https:\/\/avt-construction.ca<\/a><\/p>\t\t\t\t\t\t\t\t<\/div>\n\t\t\t\t<\/div>\n\t\t\t\t<div class=\"elementor-element elementor-element-749899b elementor-widget elementor-widget-heading\" data-id=\"749899b\" data-element_type=\"widget\" data-e-type=\"widget\" data-widget_type=\"heading.default\">\n\t\t\t\t<div class=\"elementor-widget-container\">\n\t\t\t\t\t<h2 class=\"elementor-heading-title elementor-size-default\">2. Information we collect<\/h2>\t\t\t\t<\/div>\n\t\t\t\t<\/div>\n\t\t\t\t<div class=\"elementor-element elementor-element-7a5cb8a elementor-widget elementor-widget-text-editor\" data-id=\"7a5cb8a\" data-element_type=\"widget\" data-e-type=\"widget\" data-widget_type=\"text-editor.default\">\n\t\t\t\t<div class=\"elementor-widget-container\">\n\t\t\t\t\t\t\t\t\t<p data-start=\"926\" data-end=\"1010\">We may collect certain information when you use our website.<\/p><h5 data-section-id=\"1qm3dpn\" data-start=\"1012\" data-end=\"1052\">Information provided voluntarily<\/h5><p data-start=\"1054\" data-end=\"1135\">When you fill out a form or contact us, we may collect :<\/p><ul data-start=\"1137\" data-end=\"1272\"><li data-section-id=\"1o4byc\" data-start=\"1137\" data-end=\"1142\"><p data-start=\"1139\" data-end=\"1142\">Last Name<\/p><\/li><li data-section-id=\"vd0sau\" data-start=\"1143\" data-end=\"1161\"><p data-start=\"1145\" data-end=\"1161\">Email address<\/p><\/li><li data-section-id=\"1s1fqz3\" data-start=\"1162\" data-end=\"1183\"><p data-start=\"1164\" data-end=\"1183\">Phone number<\/p><\/li><li data-section-id=\"b01co\" data-start=\"1184\" data-end=\"1203\"><p data-start=\"1186\" data-end=\"1203\">Project address<\/p><\/li><li data-section-id=\"jjfhyn\" data-start=\"1204\" data-end=\"1272\"><p data-start=\"1206\" data-end=\"1272\">Information regarding your construction or renovation project<\/p><\/li><\/ul><p data-start=\"1274\" data-end=\"1378\">This information is used solely to <strong data-start=\"1322\" data-end=\"1377\">respond to your request or prepare a quote<\/strong>.<\/p>\t\t\t\t\t\t\t\t<\/div>\n\t\t\t\t<\/div>\n\t\t\t\t<div class=\"elementor-element elementor-element-e6b1246 elementor-widget elementor-widget-text-editor\" data-id=\"e6b1246\" data-element_type=\"widget\" data-e-type=\"widget\" data-widget_type=\"text-editor.default\">\n\t\t\t\t<div class=\"elementor-widget-container\">\n\t\t\t\t\t\t\t\t\t<h5 data-section-id=\"2spcs5\" data-start=\"1385\" data-end=\"1428\">Information collected automatically<\/h5><p data-start=\"1430\" data-end=\"1532\">When you browse our website, certain information may be collected automatically :<\/p><ul data-start=\"1534\" data-end=\"1627\"><li data-section-id=\"a8hndy\" data-start=\"1534\" data-end=\"1546\"><p data-start=\"1536\" data-end=\"1546\">IP address<\/p><\/li><li data-section-id=\"161pcr5\" data-start=\"1547\" data-end=\"1567\"><p data-start=\"1549\" data-end=\"1567\">browser type<\/p><\/li><li data-section-id=\"tqi5nq\" data-start=\"1568\" data-end=\"1584\"><p data-start=\"1570\" data-end=\"1584\">pages visited<\/p><\/li><li data-section-id=\"1mropgf\" data-start=\"1585\" data-end=\"1605\"><p data-start=\"1587\" data-end=\"1605\">visit duration<\/p><\/li><li data-section-id=\"1fexoeg\" data-start=\"1606\" data-end=\"1627\"><p data-start=\"1608\" data-end=\"1627\">analytics data<\/p><\/li><\/ul><p data-start=\"1629\" data-end=\"1724\">This data is used to <strong data-start=\"1651\" data-end=\"1723\">improve the user experience and analyze website usage<\/strong>.<\/p>\t\t\t\t\t\t\t\t<\/div>\n\t\t\t\t<\/div>\n\t\t\t\t<div class=\"elementor-element elementor-element-32ff255 elementor-widget elementor-widget-heading\" data-id=\"32ff255\" data-element_type=\"widget\" data-e-type=\"widget\" data-widget_type=\"heading.default\">\n\t\t\t\t<div class=\"elementor-widget-container\">\n\t\t\t\t\t<h2 class=\"elementor-heading-title elementor-size-default\">3. Use of information<\/h2>\t\t\t\t<\/div>\n\t\t\t\t<\/div>\n\t\t\t\t<div class=\"elementor-element elementor-element-e2c0cf6 elementor-widget elementor-widget-text-editor\" data-id=\"e2c0cf6\" data-element_type=\"widget\" data-e-type=\"widget\" data-widget_type=\"text-editor.default\">\n\t\t\t\t<div class=\"elementor-widget-container\">\n\t\t\t\t\t\t\t\t\t<p data-start=\"1766\" data-end=\"1823\"><strong>The information collected may be used to :<\/strong><\/p><ul data-start=\"1825\" data-end=\"1997\"><li data-section-id=\"1ccywqw\" data-start=\"1825\" data-end=\"1862\"><p data-start=\"1827\" data-end=\"1862\">respond to quote requests<\/p><\/li><li data-section-id=\"h17zcz\" data-start=\"1863\" data-end=\"1904\"><p data-start=\"1865\" data-end=\"1904\">communicate with potential clients<\/p><\/li><li data-section-id=\"1caq18b\" data-start=\"1905\" data-end=\"1931\"><p data-start=\"1907\" data-end=\"1931\">improve our website<\/p><\/li><li data-section-id=\"1dhrdto\" data-start=\"1932\" data-end=\"1967\"><p data-start=\"1934\" data-end=\"1967\">analyze website performance<\/p><\/li><li data-section-id=\"1qj8oas\" data-start=\"1968\" data-end=\"1997\"><p data-start=\"1970\" data-end=\"1997\">ensure website security<\/p><\/li><\/ul><p data-start=\"1999\" data-end=\"2068\">We do not sell <strong data-start=\"2015\" data-end=\"2067\">your personal information to third parties under any circumstances<\/strong>.<\/p>\t\t\t\t\t\t\t\t<\/div>\n\t\t\t\t<\/div>\n\t\t\t\t<div class=\"elementor-element elementor-element-ee8ab0b elementor-widget elementor-widget-heading\" data-id=\"ee8ab0b\" data-element_type=\"widget\" data-e-type=\"widget\" data-widget_type=\"heading.default\">\n\t\t\t\t<div class=\"elementor-widget-container\">\n\t\t\t\t\t<h2 class=\"elementor-heading-title elementor-size-default\">4. Sharing of information<\/h2>\t\t\t\t<\/div>\n\t\t\t\t<\/div>\n\t\t\t\t<div class=\"elementor-element elementor-element-0ca7452 elementor-widget elementor-widget-text-editor\" data-id=\"0ca7452\" data-element_type=\"widget\" data-e-type=\"widget\" data-widget_type=\"text-editor.default\">\n\t\t\t\t<div class=\"elementor-widget-container\">\n\t\t\t\t\t\t\t\t\t<p data-start=\"2106\" data-end=\"2163\"><strong>Your information may only be shared with :<\/strong><\/p><ul data-start=\"2165\" data-end=\"2308\"><li data-section-id=\"1g2fkj3\" data-start=\"2165\" data-end=\"2233\"><p data-start=\"2167\" data-end=\"2233\">service providers necessary for the operation of the website<\/p><\/li><li data-section-id=\"14t4gki\" data-start=\"2234\" data-end=\"2260\"><p data-start=\"2236\" data-end=\"2260\">web analytics tools<\/p><\/li><li data-section-id=\"1tmhlvc\" data-start=\"2261\" data-end=\"2308\"><p data-start=\"2263\" data-end=\"2308\">technical partners when necessary<\/p><\/li><\/ul><p data-start=\"2310\" data-end=\"2381\">These providers must respect the confidentiality of the information.<\/p>\t\t\t\t\t\t\t\t<\/div>\n\t\t\t\t<\/div>\n\t\t\t\t<div class=\"elementor-element elementor-element-42ede81 elementor-widget elementor-widget-heading\" data-id=\"42ede81\" data-element_type=\"widget\" data-e-type=\"widget\" data-widget_type=\"heading.default\">\n\t\t\t\t<div class=\"elementor-widget-container\">\n\t\t\t\t\t<h2 class=\"elementor-heading-title elementor-size-default\">5. Information Security<\/h2>\t\t\t\t<\/div>\n\t\t\t\t<\/div>\n\t\t\t\t<div class=\"elementor-element elementor-element-6e97159 elementor-widget elementor-widget-text-editor\" data-id=\"6e97159\" data-element_type=\"widget\" data-e-type=\"widget\" data-widget_type=\"text-editor.default\">\n\t\t\t\t<div class=\"elementor-widget-container\">\n\t\t\t\t\t\t\t\t\t<p data-start=\"2415\" data-end=\"2485\">We take reasonable measures to protect your information :<\/p><ul data-start=\"2487\" data-end=\"2570\"><li data-section-id=\"1d3s8zl\" data-start=\"2487\" data-end=\"2509\"><p data-start=\"2489\" data-end=\"2509\">secure hosting<\/p><\/li><li data-section-id=\"cqbc50\" data-start=\"2510\" data-end=\"2526\"><p data-start=\"2512\" data-end=\"2526\">cSSL certificate<\/p><\/li><li data-section-id=\"1itxx20\" data-start=\"2527\" data-end=\"2570\"><p data-start=\"2529\" data-end=\"2570\">protection against unauthorized access<\/p><\/li><\/ul><p data-start=\"2572\" data-end=\"2654\">However, no method of transmission over the Internet is completely secure.<\/p>\t\t\t\t\t\t\t\t<\/div>\n\t\t\t\t<\/div>\n\t\t\t\t<div class=\"elementor-element elementor-element-2684744 elementor-widget elementor-widget-heading\" data-id=\"2684744\" data-element_type=\"widget\" data-e-type=\"widget\" data-widget_type=\"heading.default\">\n\t\t\t\t<div class=\"elementor-widget-container\">\n\t\t\t\t\t<h2 class=\"elementor-heading-title elementor-size-default\">6. Cookies<\/h2>\t\t\t\t<\/div>\n\t\t\t\t<\/div>\n\t\t\t\t<div class=\"elementor-element elementor-element-f804711 elementor-widget elementor-widget-text-editor\" data-id=\"f804711\" data-element_type=\"widget\" data-e-type=\"widget\" data-widget_type=\"text-editor.default\">\n\t\t\t\t<div class=\"elementor-widget-container\">\n\t\t\t\t\t\t\t\t\t<p data-start=\"2675\" data-end=\"2784\">Our website uses <strong data-start=\"2698\" data-end=\"2709\">cookies<\/strong> to improve user experience and analyze website usage.<\/p><p data-start=\"2786\" data-end=\"2853\">For more information, please see our <a href=\"https:\/\/avt-construction.ca\/en\/politique_de_temoins\/\"><strong data-start=\"2828\" data-end=\"2852\">Cookie Policy<\/strong>.<\/a><\/p>\t\t\t\t\t\t\t\t<\/div>\n\t\t\t\t<\/div>\n\t\t\t\t<div class=\"elementor-element elementor-element-ee74e3c elementor-widget elementor-widget-heading\" data-id=\"ee74e3c\" data-element_type=\"widget\" data-e-type=\"widget\" data-widget_type=\"heading.default\">\n\t\t\t\t<div class=\"elementor-widget-container\">\n\t\t\t\t\t<h2 class=\"elementor-heading-title elementor-size-default\">7.  Your rights<\/h2>\t\t\t\t<\/div>\n\t\t\t\t<\/div>\n\t\t\t\t<div class=\"elementor-element elementor-element-db26901 elementor-widget elementor-widget-text-editor\" data-id=\"db26901\" data-element_type=\"widget\" data-e-type=\"widget\" data-widget_type=\"text-editor.default\">\n\t\t\t\t<div class=\"elementor-widget-container\">\n\t\t\t\t\t\t\t\t\t<p data-start=\"2877\" data-end=\"2967\"><strong>In accordance with Canadian privacy laws, you have the right to :<\/strong><\/p><ul data-start=\"2969\" data-end=\"3129\"><li data-section-id=\"1ssyg3y\" data-start=\"2969\" data-end=\"3012\"><p data-start=\"2971\" data-end=\"3012\">access your personal information<\/p><\/li><li data-section-id=\"1gkf8p\" data-start=\"3013\" data-end=\"3060\"><p data-start=\"3015\" data-end=\"3060\">request corrections to this information<\/p><\/li><li data-section-id=\"w70mpy\" data-start=\"3061\" data-end=\"3129\"><p data-start=\"3063\" data-end=\"3129\">request the deletion of certain data where applicable<\/p><\/li><\/ul>\t\t\t\t\t\t\t\t<\/div>\n\t\t\t\t<\/div>\n\t\t\t\t<div class=\"elementor-element elementor-element-5786e71 elementor-widget elementor-widget-heading\" data-id=\"5786e71\" data-element_type=\"widget\" data-e-type=\"widget\" data-widget_type=\"heading.default\">\n\t\t\t\t<div class=\"elementor-widget-container\">\n\t\t\t\t\t<h2 class=\"elementor-heading-title elementor-size-default\">8. Changes to this policy<\/h2>\t\t\t\t<\/div>\n\t\t\t\t<\/div>\n\t\t\t\t<div class=\"elementor-element elementor-element-ef923a2 elementor-widget elementor-widget-text-editor\" data-id=\"ef923a2\" data-element_type=\"widget\" data-e-type=\"widget\" data-widget_type=\"text-editor.default\">\n\t\t\t\t<div class=\"elementor-widget-container\">\n\t\t\t\t\t\t\t\t\t<p data-start=\"3174\" data-end=\"3250\">We may update this privacy policy at any time.<\/p><p data-start=\"3252\" data-end=\"3316\">The most recent version will always be posted on this page.<\/p>\t\t\t\t\t\t\t\t<\/div>\n\t\t\t\t<\/div>\n\t\t\t\t<div class=\"elementor-element elementor-element-d6263cd elementor-widget elementor-widget-heading\" data-id=\"d6263cd\" data-element_type=\"widget\" data-e-type=\"widget\" data-widget_type=\"heading.default\">\n\t\t\t\t<div class=\"elementor-widget-container\">\n\t\t\t\t\t<h2 class=\"elementor-heading-title elementor-size-default\">9.  Contact<\/h2>\t\t\t\t<\/div>\n\t\t\t\t<\/div>\n\t\t\t\t<div class=\"elementor-element elementor-element-8b96de6 elementor-widget elementor-widget-text-editor\" data-id=\"8b96de6\" data-element_type=\"widget\" data-e-type=\"widget\" data-widget_type=\"text-editor.default\">\n\t\t\t\t<div class=\"elementor-widget-container\">\n\t\t\t\t\t\t\t\t\t<p data-start=\"3337\" data-end=\"3385\">For any questions regarding this policy, you may contact:<br \/><strong data-start=\"3387\" data-end=\"3412\">AVT Construction.<\/strong><\/p><p data-start=\"3414\" data-end=\"3486\">via the contact form available on our website : <strong><a class=\"decorated-link\" href=\"https:\/\/avt-construction.ca\/en\/contact\/\" data-start=\"3459\" data-end=\"3486\">https:\/\/avt-construction.ca\/contact\/<\/a><\/strong><\/p>\t\t\t\t\t\t\t\t<\/div>\n\t\t\t\t<\/div>\n\t\t\t\t\t<\/div>\n\t\t\t\t<\/div>\n\t\t\t\t<\/div>","protected":false},"excerpt":{"rendered":"<p>Politique de confidentialit\u00e9 Derni\u00e8re mise \u00e0 jour : Mars 2026 Chez AVT Construction, nous accordons une grande importance \u00e0 la [&hellip;]<\/p>\n","protected":false},"author":1,"featured_media":0,"parent":0,"menu_order":10,"comment_status":"closed","ping_status":"closed","template":"","meta":{"site-sidebar-layout":"default","site-content-layout":"","ast-site-content-layout":"default","site-content-style":"default","site-sidebar-style":"default","ast-global-header-display":"","ast-banner-title-visibility":"","ast-main-header-display":"","ast-hfb-above-header-display":"","ast-hfb-below-header-display":"","ast-hfb-mobile-header-display":"","site-post-title":"","ast-breadcrumbs-content":"","ast-featured-img":"disabled","footer-sml-layout":"","ast-disable-related-posts":"","theme-transparent-header-meta":"enabled","adv-header-id-meta":"","stick-header-meta":"","header-above-stick-meta":"","header-main-stick-meta":"","header-below-stick-meta":"","astra-migrate-meta-layouts":"default","ast-page-background-enabled":"default","ast-page-background-meta":{"desktop":{"background-color":"var(--ast-global-color-5)","background-image":"","background-repeat":"repeat","background-position":"center center","background-size":"auto","background-attachment":"scroll","background-type":"","background-media":"","overlay-type":"","overlay-color":"","overlay-opacity":"","overlay-gradient":""},"tablet":{"background-color":"","background-image":"","background-repeat":"repeat","background-position":"center center","background-size":"auto","background-attachment":"scroll","background-type":"","background-media":"","overlay-type":"","overlay-color":"","overlay-opacity":"","overlay-gradient":""},"mobile":{"background-color":"","background-image":"","background-repeat":"repeat","background-position":"center center","background-size":"auto","background-attachment":"scroll","background-type":"","background-media":"","overlay-type":"","overlay-color":"","overlay-opacity":"","overlay-gradient":""}},"ast-content-background-meta":{"desktop":{"background-color":"var(--ast-global-color-4)","background-image":"","background-repeat":"repeat","background-position":"center center","background-size":"auto","background-attachment":"scroll","background-type":"","background-media":"","overlay-type":"","overlay-color":"","overlay-opacity":"","overlay-gradient":""},"tablet":{"background-color":"var(--ast-global-color-4)","background-image":"","background-repeat":"repeat","background-position":"center center","background-size":"auto","background-attachment":"scroll","background-type":"","background-media":"","overlay-type":"","overlay-color":"","overlay-opacity":"","overlay-gradient":""},"mobile":{"background-color":"var(--ast-global-color-4)","background-image":"","background-repeat":"repeat","background-position":"center center","background-size":"auto","background-attachment":"scroll","background-type":"","background-media":"","overlay-type":"","overlay-color":"","overlay-opacity":"","overlay-gradient":""}},"footnotes":""},"class_list":["post-554","page","type-page","status-publish","hentry"],"_links":{"self":[{"href":"https:\/\/avt-construction.ca\/en\/wp-json\/wp\/v2\/pages\/554","targetHints":{"allow":["GET"]}}],"collection":[{"href":"https:\/\/avt-construction.ca\/en\/wp-json\/wp\/v2\/pages"}],"about":[{"href":"https:\/\/avt-construction.ca\/en\/wp-json\/wp\/v2\/types\/page"}],"author":[{"embeddable":true,"href":"https:\/\/avt-construction.ca\/en\/wp-json\/wp\/v2\/users\/1"}],"replies":[{"embeddable":true,"href":"https:\/\/avt-construction.ca\/en\/wp-json\/wp\/v2\/comments?post=554"}],"version-history":[{"count":49,"href":"https:\/\/avt-construction.ca\/en\/wp-json\/wp\/v2\/pages\/554\/revisions"}],"predecessor-version":[{"id":2593,"href":"https:\/\/avt-construction.ca\/en\/wp-json\/wp\/v2\/pages\/554\/revisions\/2593"}],"wp:attachment":[{"href":"https:\/\/avt-construction.ca\/en\/wp-json\/wp\/v2\/media?parent=554"}],"curies":[{"name":"wp","href":"https:\/\/api.w.org\/{rel}","templated":true}]}}