{"id":556,"date":"2026-03-16T19:23:20","date_gmt":"2026-03-16T22:23:20","guid":{"rendered":"https:\/\/avt-construction.ca\/production\/terms-condition\/"},"modified":"2026-03-21T15:31:20","modified_gmt":"2026-03-21T18:31:20","slug":"conditions_generales","status":"publish","type":"page","link":"https:\/\/avt-construction.ca\/en\/conditions_generales\/","title":{"rendered":"Terms and Conditions"},"content":{"rendered":"<div data-elementor-type=\"wp-page\" data-elementor-id=\"556\" class=\"elementor elementor-556\" data-elementor-post-type=\"page\">\n\t\t\t\t<div class=\"elementor-element elementor-element-1fcd2d2 e-flex e-con-boxed e-con e-parent\" data-id=\"1fcd2d2\" data-element_type=\"container\" data-e-type=\"container\" data-settings=\"{&quot;background_background&quot;:&quot;classic&quot;}\">\n\t\t\t\t\t<div class=\"e-con-inner\">\n\t\t\t\t<div class=\"elementor-element elementor-element-87e6023 elementor-widget elementor-widget-spacer\" data-id=\"87e6023\" data-element_type=\"widget\" data-e-type=\"widget\" data-widget_type=\"spacer.default\">\n\t\t\t\t<div class=\"elementor-widget-container\">\n\t\t\t\t\t\t\t<div class=\"elementor-spacer\">\n\t\t\t<div class=\"elementor-spacer-inner\"><\/div>\n\t\t<\/div>\n\t\t\t\t\t\t<\/div>\n\t\t\t\t<\/div>\n\t\t\t\t<div class=\"elementor-element elementor-element-c1030a8 elementor-widget elementor-widget-uael-infobox\" data-id=\"c1030a8\" data-element_type=\"widget\" data-e-type=\"widget\" data-widget_type=\"uael-infobox.default\">\n\t\t\t\t<div class=\"elementor-widget-container\">\n\t\t\t\t\t\n<div class=\"uael-module-content uael-infobox uael-imgicon-style-normal  infobox-has-icon uael-infobox-icon-above-title  uael-infobox-link-type-none\">\n\t<div class=\"uael-infobox-left-right-wrap\">\n\t\t\t\t\t\t<div class=\"uael-infobox-content\">\n\t\t\t\t\t\t\t<div class=\"uael-module-content uael-imgicon-wrap\">\t\t\t\t\t\t\t\t\t\t\t\n\t\t\t\t\t\t\t\t\t\t\t\t\t\t<\/div>\n\t\t\t\t\t\t\t<div class='uael-infobox-title-wrap'><h1 class=\"uael-infobox-title elementor-inline-editing\" data-elementor-setting-key=\"infobox_title\" data-elementor-inline-editing-toolbar=\"basic\" >Terms and Conditions<\/h1><\/div>\t\t\t\t\t\t\t\t\t<div class=\"uael-infobox-text-wrap\">\n\t\t\t\t<div class=\"uael-infobox-text elementor-inline-editing\" data-elementor-setting-key=\"infobox_description\" data-elementor-inline-editing-toolbar=\"advanced\">\n\t\t\t\t\tLast updated: March 2026\t\t\t\t<\/div>\n\t\t\t\t\t\n\t\t\t\t\t\t\t<\/div>\n\t\t<\/div>\n\t\t\t<\/div>\n<\/div>\n\t\t\t\t<\/div>\n\t\t\t\t<\/div>\n\t\t\t\t\t<\/div>\n\t\t\t\t<\/div>\n\t\t<div class=\"elementor-element elementor-element-d958e23 e-flex e-con-boxed e-con e-parent\" data-id=\"d958e23\" data-element_type=\"container\" data-e-type=\"container\">\n\t\t\t\t\t<div class=\"e-con-inner\">\n\t\t\t\t<div class=\"elementor-element elementor-element-bb968cc elementor-widget elementor-widget-text-editor\" data-id=\"bb968cc\" data-element_type=\"widget\" data-e-type=\"widget\" data-widget_type=\"text-editor.default\">\n\t\t\t\t<div class=\"elementor-widget-container\">\n\t\t\t\t\t\t\t\t\t<p>Welcome to the website of <strong data-start=\"459\" data-end=\"484\">AVT Construction.<\/strong><\/p><p>By accessing and using this site, you agree to these terms and conditions of use.<\/p><p>If you do not accept these conditions, please do not use this site.<\/p>\t\t\t\t\t\t\t\t<\/div>\n\t\t\t\t<\/div>\n\t\t\t\t<div class=\"elementor-element elementor-element-15a2ae2 elementor-widget elementor-widget-heading\" data-id=\"15a2ae2\" data-element_type=\"widget\" data-e-type=\"widget\" data-widget_type=\"heading.default\">\n\t\t\t\t<div class=\"elementor-widget-container\">\n\t\t\t\t\t<h2 class=\"elementor-heading-title elementor-size-default\">1. Company Overview<\/h2>\t\t\t\t<\/div>\n\t\t\t\t<\/div>\n\t\t\t\t<div class=\"elementor-element elementor-element-5e5ea94 elementor-widget elementor-widget-text-editor\" data-id=\"5e5ea94\" data-element_type=\"widget\" data-e-type=\"widget\" data-widget_type=\"text-editor.default\">\n\t\t\t\t<div class=\"elementor-widget-container\">\n\t\t\t\t\t\t\t\t\t<p data-start=\"704\" data-end=\"742\">This website is operated by:<\/p><p data-start=\"744\" data-end=\"849\"><strong data-start=\"744\" data-end=\"769\">AVT Construction.<\/strong><br data-start=\"769\" data-end=\"772\" \/>General contractor \u2013 Construction and renovation<br data-start=\"821\" data-end=\"824\" \/>New Brunswick, Canada<\/p><p data-start=\"851\" data-end=\"1007\">This website is intended to provide information about our services, our projects, and to allow visitors to make a <strong data-start=\"981\" data-end=\"1006\">quote request<\/strong>.<\/p>\t\t\t\t\t\t\t\t<\/div>\n\t\t\t\t<\/div>\n\t\t\t\t<div class=\"elementor-element elementor-element-d7b246c elementor-widget elementor-widget-heading\" data-id=\"d7b246c\" data-element_type=\"widget\" data-e-type=\"widget\" data-widget_type=\"heading.default\">\n\t\t\t\t<div class=\"elementor-widget-container\">\n\t\t\t\t\t<h2 class=\"elementor-heading-title elementor-size-default\">2. Use of the Website<\/h2>\t\t\t\t<\/div>\n\t\t\t\t<\/div>\n\t\t\t\t<div class=\"elementor-element elementor-element-de66345 elementor-widget elementor-widget-text-editor\" data-id=\"de66345\" data-element_type=\"widget\" data-e-type=\"widget\" data-widget_type=\"text-editor.default\">\n\t\t\t\t<div class=\"elementor-widget-container\">\n\t\t\t\t\t\t\t\t\t<p data-start=\"1040\" data-end=\"1134\">The use of this site is permitted solely for purposes <strong data-start=\"1101\" data-end=\"1133\">personnelles et informatives<\/strong>.<\/p><p data-start=\"1136\" data-end=\"1161\"><strong>You agree not to :<\/strong><\/p><ul data-start=\"1163\" data-end=\"1342\"><li data-section-id=\"7kd4ov\" data-start=\"1163\" data-end=\"1202\"><p data-start=\"1165\" data-end=\"1202\">use the site for illegal purposes<\/p><\/li><li data-section-id=\"1811umk\" data-start=\"1203\" data-end=\"1252\"><p data-start=\"1205\" data-end=\"1252\">attempt to access restricted areas of the site<\/p><\/li><li data-section-id=\"2vranv\" data-start=\"1253\" data-end=\"1290\"><p data-start=\"1255\" data-end=\"1290\">disrupt the operation of the site<\/p><\/li><li data-section-id=\"slft1t\" data-start=\"1291\" data-end=\"1342\"><p data-start=\"1293\" data-end=\"1342\">copy or reproduce content without authorization<\/p><\/li><\/ul><p data-start=\"1344\" data-end=\"1441\"><strong>AVT Construction reserves the right to restrict access to the site in case of misuse.<\/strong><\/p>\t\t\t\t\t\t\t\t<\/div>\n\t\t\t\t<\/div>\n\t\t\t\t<div class=\"elementor-element elementor-element-17e3644 elementor-widget elementor-widget-heading\" data-id=\"17e3644\" data-element_type=\"widget\" data-e-type=\"widget\" data-widget_type=\"heading.default\">\n\t\t\t\t<div class=\"elementor-widget-container\">\n\t\t\t\t\t<h2 class=\"elementor-heading-title elementor-size-default\">3. Accuracy of Information<\/h2>\t\t\t\t<\/div>\n\t\t\t\t<\/div>\n\t\t\t\t<div class=\"elementor-element elementor-element-32b17a3 elementor-widget elementor-widget-text-editor\" data-id=\"32b17a3\" data-element_type=\"widget\" data-e-type=\"widget\" data-widget_type=\"text-editor.default\">\n\t\t\t\t<div class=\"elementor-widget-container\">\n\t\t\t\t\t\t\t\t\t<p data-start=\"1482\" data-end=\"1560\"><strong>We strive to provide accurate and up-to-date information. However:<\/strong><\/p><ul data-start=\"1562\" data-end=\"1733\"><li data-section-id=\"ik1yq6\" data-start=\"1562\" data-end=\"1615\"><p data-start=\"1564\" data-end=\"1615\">some information may contain errors<\/p><\/li><li data-section-id=\"r8r3n3\" data-start=\"1616\" data-end=\"1665\"><p data-start=\"1618\" data-end=\"1665\">services may be modified without notice<\/p><\/li><li data-section-id=\"mcw1fb\" data-start=\"1666\" data-end=\"1733\"><p data-start=\"1668\" data-end=\"1733\">the project images displayed on this site correspond to work completed by AVT Construction<\/p><\/li><\/ul><p data-start=\"1735\" data-end=\"1828\"><strong>AVT Construction does not guarantee the complete accuracy of the information published on this site.<\/strong><\/p>\t\t\t\t\t\t\t\t<\/div>\n\t\t\t\t<\/div>\n\t\t\t\t<div class=\"elementor-element elementor-element-526278c elementor-widget elementor-widget-heading\" data-id=\"526278c\" data-element_type=\"widget\" data-e-type=\"widget\" data-widget_type=\"heading.default\">\n\t\t\t\t<div class=\"elementor-widget-container\">\n\t\t\t\t\t<h2 class=\"elementor-heading-title elementor-size-default\">4. Quote Request<\/h2>\t\t\t\t<\/div>\n\t\t\t\t<\/div>\n\t\t\t\t<div class=\"elementor-element elementor-element-f28ee90 elementor-widget elementor-widget-text-editor\" data-id=\"f28ee90\" data-element_type=\"widget\" data-e-type=\"widget\" data-widget_type=\"text-editor.default\">\n\t\t\t\t<div class=\"elementor-widget-container\">\n\t\t\t\t\t\t\t\t\t<p data-start=\"1863\" data-end=\"1971\">The forms on this site allow users to <a title=\"soumettre une demande de soumission ou d\u2019information.\" href=\"https:\/\/avt-construction.ca\/en\/contact\/\"><strong data-start=\"1914\" data-end=\"1970\">submit a request for a quote or information.<\/strong>.<\/a><\/p><p data-start=\"1973\" data-end=\"2004\">Submitting a form :<\/p><ul data-start=\"2006\" data-end=\"2122\"><li data-section-id=\"95jkbn\" data-start=\"2006\" data-end=\"2035\"><p data-start=\"2008\" data-end=\"2035\">does not constitute a contract<\/p><\/li><li data-section-id=\"14p2joc\" data-start=\"2036\" data-end=\"2077\"><p data-start=\"2038\" data-end=\"2077\">does not guarantee acceptance of the project<\/p><\/li><li data-section-id=\"8j4sm8\" data-start=\"2078\" data-end=\"2122\"><p data-start=\"2080\" data-end=\"2122\">does not constitute an official estimate<\/p><\/li><\/ul><p data-start=\"2124\" data-end=\"2190\">Final estimates are provided <strong data-start=\"2162\" data-end=\"2189\">after project evaluation<\/strong>.<\/p>\t\t\t\t\t\t\t\t<\/div>\n\t\t\t\t<\/div>\n\t\t\t\t<div class=\"elementor-element elementor-element-4bb438c elementor-widget elementor-widget-heading\" data-id=\"4bb438c\" data-element_type=\"widget\" data-e-type=\"widget\" data-widget_type=\"heading.default\">\n\t\t\t\t<div class=\"elementor-widget-container\">\n\t\t\t\t\t<h2 class=\"elementor-heading-title elementor-size-default\">5. Intellectual Property<\/h2>\t\t\t\t<\/div>\n\t\t\t\t<\/div>\n\t\t\t\t<div class=\"elementor-element elementor-element-5fbc0d5 elementor-widget elementor-widget-text-editor\" data-id=\"5fbc0d5\" data-element_type=\"widget\" data-e-type=\"widget\" data-widget_type=\"text-editor.default\">\n\t\t\t\t<div class=\"elementor-widget-container\">\n\t\t\t\t\t\t\t\t\t<p data-start=\"2228\" data-end=\"2332\"><strong>All content on this site is protected by intellectual property laws, including :<\/strong><\/p><ul data-start=\"2334\" data-end=\"2396\"><li data-section-id=\"1l7xgw3\" data-start=\"2334\" data-end=\"2342\"><p data-start=\"2336\" data-end=\"2342\">texts<\/p><\/li><li data-section-id=\"12uv3rw\" data-start=\"2343\" data-end=\"2351\"><p data-start=\"2345\" data-end=\"2351\">images<\/p><\/li><li data-section-id=\"1662byo\" data-start=\"2352\" data-end=\"2359\"><p data-start=\"2354\" data-end=\"2359\">logos<\/p><\/li><li data-section-id=\"18mdx9c\" data-start=\"2360\" data-end=\"2376\"><p data-start=\"2362\" data-end=\"2376\">website design<\/p><\/li><li data-section-id=\"1b1e5gk\" data-start=\"2377\" data-end=\"2396\"><p data-start=\"2379\" data-end=\"2396\">graphic content<\/p><\/li><\/ul><p data-start=\"2398\" data-end=\"2486\"><strong>Any reproduction, distribution, or modification without written authorization is prohibited.<\/strong><\/p>\t\t\t\t\t\t\t\t<\/div>\n\t\t\t\t<\/div>\n\t\t\t\t<div class=\"elementor-element elementor-element-b15127e elementor-widget elementor-widget-heading\" data-id=\"b15127e\" data-element_type=\"widget\" data-e-type=\"widget\" data-widget_type=\"heading.default\">\n\t\t\t\t<div class=\"elementor-widget-container\">\n\t\t\t\t\t<h2 class=\"elementor-heading-title elementor-size-default\">6. Links to External Websites<\/h2>\t\t\t\t<\/div>\n\t\t\t\t<\/div>\n\t\t\t\t<div class=\"elementor-element elementor-element-a1e0454 elementor-widget elementor-widget-text-editor\" data-id=\"a1e0454\" data-element_type=\"widget\" data-e-type=\"widget\" data-widget_type=\"text-editor.default\">\n\t\t\t\t<div class=\"elementor-widget-container\">\n\t\t\t\t\t\t\t\t\t<p data-start=\"2529\" data-end=\"2582\"><strong>This site may contain links to third-party websites.<\/strong><\/p><p data-start=\"2584\" data-end=\"2624\"><strong>AVT Construction is not responsible for:<\/strong><\/p><ul data-start=\"2626\" data-end=\"2711\"><li data-section-id=\"90z3zx\" data-start=\"2626\" data-end=\"2651\"><p data-start=\"2628\" data-end=\"2651\">the content of these sites<\/p><\/li><li data-section-id=\"18rmyna\" data-start=\"2652\" data-end=\"2692\"><p data-start=\"2654\" data-end=\"2692\">their privacy policies<\/p><\/li><li data-section-id=\"y9kt8t\" data-start=\"2693\" data-end=\"2711\"><p data-start=\"2695\" data-end=\"2711\">their security<\/p><\/li><\/ul><p data-start=\"2713\" data-end=\"2777\">The use of these sites is at the user\u2019s own risk.<\/p>\t\t\t\t\t\t\t\t<\/div>\n\t\t\t\t<\/div>\n\t\t\t\t<div class=\"elementor-element elementor-element-36defb6 elementor-widget elementor-widget-heading\" data-id=\"36defb6\" data-element_type=\"widget\" data-e-type=\"widget\" data-widget_type=\"heading.default\">\n\t\t\t\t<div class=\"elementor-widget-container\">\n\t\t\t\t\t<h2 class=\"elementor-heading-title elementor-size-default\">7. Limitation of Liability<\/h2>\t\t\t\t<\/div>\n\t\t\t\t<\/div>\n\t\t\t\t<div class=\"elementor-element elementor-element-1fcb0b2 elementor-widget elementor-widget-text-editor\" data-id=\"1fcb0b2\" data-element_type=\"widget\" data-e-type=\"widget\" data-widget_type=\"text-editor.default\">\n\t\t\t\t<div class=\"elementor-widget-container\">\n\t\t\t\t\t\t\t\t\t<p data-start=\"2819\" data-end=\"2869\"><strong>AVT Construction cannot be held liable for:<\/strong><\/p><ul data-start=\"2871\" data-end=\"3010\"><li data-section-id=\"t03vkf\" data-start=\"2871\" data-end=\"2935\"><p data-start=\"2873\" data-end=\"2935\">direct or indirect damages related to the use of the site<\/p><\/li><li data-section-id=\"agnbge\" data-start=\"2936\" data-end=\"2964\"><p data-start=\"2938\" data-end=\"2964\">any interruption of the site<\/p><\/li><li data-section-id=\"1chpg3y\" data-start=\"2965\" data-end=\"2987\"><p data-start=\"2967\" data-end=\"2987\">technical errors<\/p><\/li><li data-section-id=\"16d9zjt\" data-start=\"2988\" data-end=\"3010\"><p data-start=\"2990\" data-end=\"3010\">data loss<\/p><\/li><\/ul><p data-start=\"3012\" data-end=\"3075\">Use of the site is <strong data-start=\"3042\" data-end=\"3074\">at the user\u2019s own risk.<\/strong>.<\/p>\t\t\t\t\t\t\t\t<\/div>\n\t\t\t\t<\/div>\n\t\t\t\t<div class=\"elementor-element elementor-element-563fe0a elementor-widget elementor-widget-heading\" data-id=\"563fe0a\" data-element_type=\"widget\" data-e-type=\"widget\" data-widget_type=\"heading.default\">\n\t\t\t\t<div class=\"elementor-widget-container\">\n\t\t\t\t\t<h2 class=\"elementor-heading-title elementor-size-default\">8. Protection des renseignements personnels<\/h2>\t\t\t\t<\/div>\n\t\t\t\t<\/div>\n\t\t\t\t<div class=\"elementor-element elementor-element-b53f5c6 elementor-widget elementor-widget-text-editor\" data-id=\"b53f5c6\" data-element_type=\"widget\" data-e-type=\"widget\" data-widget_type=\"text-editor.default\">\n\t\t\t\t<div class=\"elementor-widget-container\">\n\t\t\t\t\t\t\t\t\t<p data-start=\"3129\" data-end=\"3203\"><strong>Certain personal information may be collected when you:<\/strong><\/p><ul data-start=\"3205\" data-end=\"3282\"><li data-section-id=\"1ky3tsj\" data-start=\"3205\" data-end=\"3231\"><p data-start=\"3207\" data-end=\"3231\">fill out a form<\/p><\/li><li data-section-id=\"1qzkjav\" data-start=\"3232\" data-end=\"3256\"><p data-start=\"3234\" data-end=\"3256\">contact the company<\/p><\/li><li data-section-id=\"7zka5n\" data-start=\"3257\" data-end=\"3282\"><p data-start=\"3259\" data-end=\"3282\">request a quote<\/p><\/li><\/ul><p data-start=\"3284\" data-end=\"3389\">This information is used only to respond to requests and is not sold to third parties.<\/p><p data-start=\"3391\" data-end=\"3475\">For more information, please consult our <strong data-start=\"3442\" data-end=\"3474\">Privacy Policy<\/strong>.<\/p>\t\t\t\t\t\t\t\t<\/div>\n\t\t\t\t<\/div>\n\t\t\t\t<div class=\"elementor-element elementor-element-035b842 elementor-widget elementor-widget-heading\" data-id=\"035b842\" data-element_type=\"widget\" data-e-type=\"widget\" data-widget_type=\"heading.default\">\n\t\t\t\t<div class=\"elementor-widget-container\">\n\t\t\t\t\t<h2 class=\"elementor-heading-title elementor-size-default\">9. Modification des conditions<\/h2>\t\t\t\t<\/div>\n\t\t\t\t<\/div>\n\t\t\t\t<div class=\"elementor-element elementor-element-1a86473 elementor-widget elementor-widget-text-editor\" data-id=\"1a86473\" data-element_type=\"widget\" data-e-type=\"widget\" data-widget_type=\"text-editor.default\">\n\t\t\t\t<div class=\"elementor-widget-container\">\n\t\t\t\t\t\t\t\t\t<p data-start=\"3516\" data-end=\"3594\">AVT Construction se r\u00e9serve le droit de modifier ces conditions \u00e0 tout moment.<\/p><p data-start=\"3596\" data-end=\"3660\">The most recent version will always be posted on this page.<\/p>\t\t\t\t\t\t\t\t<\/div>\n\t\t\t\t<\/div>\n\t\t\t\t<div class=\"elementor-element elementor-element-81b7545 elementor-widget elementor-widget-heading\" data-id=\"81b7545\" data-element_type=\"widget\" data-e-type=\"widget\" data-widget_type=\"heading.default\">\n\t\t\t\t<div class=\"elementor-widget-container\">\n\t\t\t\t\t<h2 class=\"elementor-heading-title elementor-size-default\">10. Governing Law<\/h2>\t\t\t\t<\/div>\n\t\t\t\t<\/div>\n\t\t\t\t<div class=\"elementor-element elementor-element-458f571 elementor-widget elementor-widget-text-editor\" data-id=\"458f571\" data-element_type=\"widget\" data-e-type=\"widget\" data-widget_type=\"text-editor.default\">\n\t\t\t\t<div class=\"elementor-widget-container\">\n\t\t\t\t\t\t\t\t\t<p data-start=\"3691\" data-end=\"3790\">These terms are governed by the laws of <strong data-start=\"3747\" data-end=\"3789\">the province of New Brunswick (Canada)<\/strong>.<\/p><p data-start=\"3792\" data-end=\"3862\">Any dispute shall be subject to the competent courts of New Brunswick<\/p>\t\t\t\t\t\t\t\t<\/div>\n\t\t\t\t<\/div>\n\t\t\t\t<div class=\"elementor-element elementor-element-12a660a elementor-widget elementor-widget-heading\" data-id=\"12a660a\" data-element_type=\"widget\" data-e-type=\"widget\" data-widget_type=\"heading.default\">\n\t\t\t\t<div class=\"elementor-widget-container\">\n\t\t\t\t\t<h2 class=\"elementor-heading-title elementor-size-default\">11. Contact<\/h2>\t\t\t\t<\/div>\n\t\t\t\t<\/div>\n\t\t\t\t<div class=\"elementor-element elementor-element-2f83eb0 elementor-widget elementor-widget-text-editor\" data-id=\"2f83eb0\" data-element_type=\"widget\" data-e-type=\"widget\" data-widget_type=\"text-editor.default\">\n\t\t\t\t<div class=\"elementor-widget-container\">\n\t\t\t\t\t\t\t\t\t<p data-start=\"3884\" data-end=\"3931\">For any questions regarding these terms :<\/p><p data-start=\"3933\" data-end=\"4001\"><strong data-start=\"3933\" data-end=\"3958\">AVT Construction.<\/strong><br data-start=\"3958\" data-end=\"3961\" \/>General Contractor \u2013 New Brunswick<\/p><p data-start=\"4003\" data-end=\"4074\">Contact: via the website contact form<br data-start=\"4041\" data-end=\"4044\" \/>\ud83c\udf10 <a class=\"decorated-link\" href=\"https:\/\/avt-construction.ca\/en\/contact\/\" rel=\"noopener\" data-start=\"4047\" data-end=\"4074\">https:\/\/avt-construction.ca<\/a><\/p>\t\t\t\t\t\t\t\t<\/div>\n\t\t\t\t<\/div>\n\t\t\t\t\t<\/div>\n\t\t\t\t<\/div>\n\t\t\t\t<\/div>","protected":false},"excerpt":{"rendered":"<p>Conditions g\u00e9n\u00e9rales Derni\u00e8re mise \u00e0 jour: Mars 2026 Bienvenue sur le site web de AVT Construction. En acc\u00e9dant \u00e0 ce [&hellip;]<\/p>\n","protected":false},"author":1,"featured_media":0,"parent":0,"menu_order":8,"comment_status":"closed","ping_status":"closed","template":"","meta":{"site-sidebar-layout":"no-sidebar","site-content-layout":"","ast-site-content-layout":"full-width-container","site-content-style":"unboxed","site-sidebar-style":"unboxed","ast-global-header-display":"","ast-banner-title-visibility":"","ast-main-header-display":"","ast-hfb-above-header-display":"","ast-hfb-below-header-display":"","ast-hfb-mobile-header-display":"","site-post-title":"disabled","ast-breadcrumbs-content":"","ast-featured-img":"disabled","footer-sml-layout":"","ast-disable-related-posts":"","theme-transparent-header-meta":"enabled","adv-header-id-meta":"","stick-header-meta":"","header-above-stick-meta":"","header-main-stick-meta":"","header-below-stick-meta":"","astra-migrate-meta-layouts":"default","ast-page-background-enabled":"default","ast-page-background-meta":{"desktop":{"background-color":"var(--ast-global-color-5)","background-image":"","background-repeat":"repeat","background-position":"center center","background-size":"auto","background-attachment":"scroll","background-type":"","background-media":"","overlay-type":"","overlay-color":"","overlay-opacity":"","overlay-gradient":""},"tablet":{"background-color":"","background-image":"","background-repeat":"repeat","background-position":"center center","background-size":"auto","background-attachment":"scroll","background-type":"","background-media":"","overlay-type":"","overlay-color":"","overlay-opacity":"","overlay-gradient":""},"mobile":{"background-color":"","background-image":"","background-repeat":"repeat","background-position":"center center","background-size":"auto","background-attachment":"scroll","background-type":"","background-media":"","overlay-type":"","overlay-color":"","overlay-opacity":"","overlay-gradient":""}},"ast-content-background-meta":{"desktop":{"background-color":"var(--ast-global-color-4)","background-image":"","background-repeat":"repeat","background-position":"center center","background-size":"auto","background-attachment":"scroll","background-type":"","background-media":"","overlay-type":"","overlay-color":"","overlay-opacity":"","overlay-gradient":""},"tablet":{"background-color":"var(--ast-global-color-4)","background-image":"","background-repeat":"repeat","background-position":"center center","background-size":"auto","background-attachment":"scroll","background-type":"","background-media":"","overlay-type":"","overlay-color":"","overlay-opacity":"","overlay-gradient":""},"mobile":{"background-color":"var(--ast-global-color-4)","background-image":"","background-repeat":"repeat","background-position":"center center","background-size":"auto","background-attachment":"scroll","background-type":"","background-media":"","overlay-type":"","overlay-color":"","overlay-opacity":"","overlay-gradient":""}},"footnotes":""},"class_list":["post-556","page","type-page","status-publish","hentry"],"_links":{"self":[{"href":"https:\/\/avt-construction.ca\/en\/wp-json\/wp\/v2\/pages\/556","targetHints":{"allow":["GET"]}}],"collection":[{"href":"https:\/\/avt-construction.ca\/en\/wp-json\/wp\/v2\/pages"}],"about":[{"href":"https:\/\/avt-construction.ca\/en\/wp-json\/wp\/v2\/types\/page"}],"author":[{"embeddable":true,"href":"https:\/\/avt-construction.ca\/en\/wp-json\/wp\/v2\/users\/1"}],"replies":[{"embeddable":true,"href":"https:\/\/avt-construction.ca\/en\/wp-json\/wp\/v2\/comments?post=556"}],"version-history":[{"count":33,"href":"https:\/\/avt-construction.ca\/en\/wp-json\/wp\/v2\/pages\/556\/revisions"}],"predecessor-version":[{"id":2615,"href":"https:\/\/avt-construction.ca\/en\/wp-json\/wp\/v2\/pages\/556\/revisions\/2615"}],"wp:attachment":[{"href":"https:\/\/avt-construction.ca\/en\/wp-json\/wp\/v2\/media?parent=556"}],"curies":[{"name":"wp","href":"https:\/\/api.w.org\/{rel}","templated":true}]}}